{"id":146,"date":"2025-10-27T14:38:47","date_gmt":"2025-10-27T14:38:47","guid":{"rendered":"https:\/\/darkblue-bison-490272.hostingersite.com\/?page_id=146"},"modified":"2025-10-27T15:03:05","modified_gmt":"2025-10-27T15:03:05","slug":"blogs","status":"publish","type":"page","link":"https:\/\/oceanspromise.com.vn\/en\/blogs\/","title":{"rendered":"Blogs"},"content":{"rendered":"<div data-elementor-type=\"wp-page\" data-elementor-id=\"146\" class=\"elementor elementor-146\" data-elementor-post-type=\"page\">\n\t\t\t\t<div class=\"elementor-element elementor-element-bc4c851 e-flex e-con-boxed e-con e-parent\" data-id=\"bc4c851\" data-element_type=\"container\" data-e-type=\"container\">\n\t\t\t\t\t<div class=\"e-con-inner\">\n\t\t\t\t<div class=\"elementor-element elementor-element-f788973 elementor-widget elementor-widget-elementskit-category-list\" data-id=\"f788973\" data-element_type=\"widget\" data-e-type=\"widget\" data-widget_type=\"elementskit-category-list.default\">\n\t\t\t\t\t<div class=\"ekit-wid-con\" >\t\t<ul class=\"elementor-icon-list-items elementor-inline-items\">\n\t\t\t\t\t\t\t<li class=\"elementor-icon-list-item\">\n\t\t\t\t\t<a href=\"https:\/\/oceanspromise.com.vn\/en\/category\/uncategorized\/\" >\n                                                    <span class=\"elementor-icon-list-icon\">\n\t\t\t\t\t\t\t\t<i aria-hidden=\"true\" class=\"icon icon-category-list\"><\/i>                            <\/span>\n                                                <span class=\"elementor-icon-list-text\">Uncategorized<\/span>\n\t\t\t\t\t<\/a>\n\t\t\t\t<\/li>\n\t\t\t\t\t\t\t\t<li class=\"elementor-icon-list-item\">\n\t\t\t\t\t<a href=\"https:\/\/oceanspromise.com.vn\/en\/category\/fomo\/\" >\n                                                    <span class=\"elementor-icon-list-icon\">\n\t\t\t\t\t\t\t\t<svg aria-hidden=\"true\" class=\"e-font-icon-svg e-far-money-bill-alt\" viewbox=\"0 0 640 512\" xmlns=\"http:\/\/www.w3.org\/2000\/svg\"><path d=\"M320 144c-53.02 0-96 50.14-96 112 0 61.85 42.98 112 96 112 53 0 96-50.13 96-112 0-61.86-42.98-112-96-112zm40 168c0 4.42-3.58 8-8 8h-64c-4.42 0-8-3.58-8-8v-16c0-4.42 3.58-8 8-8h16v-55.44l-.47.31a7.992 7.992 0 0 1-11.09-2.22l-8.88-13.31a7.992 7.992 0 0 1 2.22-11.09l15.33-10.22a23.99 23.99 0 0 1 13.31-4.03H328c4.42 0 8 3.58 8 8v88h16c4.42 0 8 3.58 8 8v16zM608 64H32C14.33 64 0 78.33 0 96v320c0 17.67 14.33 32 32 32h576c17.67 0 32-14.33 32-32V96c0-17.67-14.33-32-32-32zm-16 272c-35.35 0-64 28.65-64 64H112c0-35.35-28.65-64-64-64V176c35.35 0 64-28.65 64-64h416c0 35.35 28.65 64 64 64v160z\"><\/path><\/svg>                            <\/span>\n                                                <span class=\"elementor-icon-list-text\">Fomo<\/span>\n\t\t\t\t\t<\/a>\n\t\t\t\t<\/li>\n\t\t\t\t\t\t<\/ul>\n\t\t<\/div>\t\t\t\t<\/div>\n\t\t\t\t<div class=\"elementor-element elementor-element-614c5ef elementor-widget elementor-widget-elementskit-blog-posts\" data-id=\"614c5ef\" data-element_type=\"widget\" data-e-type=\"widget\" data-widget_type=\"elementskit-blog-posts.default\">\n\t\t\t\t\t<div class=\"ekit-wid-con\" >        <div id=\"post-items--614c5ef\" class=\"row post-items\">\n                    <div class=\"col-lg-4 col-md-6\">\n\n                                    <div class=\"elementskit-post-image-card\">\n                        <div class=\"elementskit-entry-header\">\n                                                            <a href=\"https:\/\/oceanspromise.com.vn\/en\/nguon-goc-va-quy-trinh-xu-ly\/\" class=\"elementskit-entry-thumb\">\n                                    <img decoding=\"async\" src=\"https:\/\/oceanspromise.com.vn\/wp-content\/uploads\/2025\/11\/Gemini_Generated_Image_57agf657agf657ag-300x300.png\" alt=\"Ngu\u1ed3n g\u1ed1c v\u1ecf s\u00f2, quy tr\u00ecnh x\u1eed l\u00fd an to\u00e0n &#038; ti\u00eau chu\u1ea9n b\u1ec1n v\u1eefng\">\n                                <\/a><!-- .elementskit-entry-thumb END -->\n                                                                                                    <div class=\"elementskit-meta-lists\">\n                                        <div class=\"elementskit-single-meta\"><span class=\"elementskit-meta-wraper\"><strong>24<\/strong>Nov<\/span><\/div>\n                                    <\/div>\n                                                                                            \n                            \n\t\t\t\t\t\t\t\t\t\t\t\t\t<\/div><!-- .elementskit-entry-header END -->\n\n\t\t\t\t\t\t<div class=\"elementskit-post-body\">\n\t\t\t\t\t\t\t\n\t\t\t\t\t\t\t\t\t\t\t\t\t\t\t\t\t\t\t\t\t\t\t\t\t\t\t\t\t\t\n\t\t\t\t\t\t\t\t\n\t\t\t\t\t\t\t\t\t\t\t\t\t\t\t\t\t\t\t\t\t<h2 class=\"entry-title\">\n\t\t\t\t\t<a href=\"https:\/\/oceanspromise.com.vn\/en\/nguon-goc-va-quy-trinh-xu-ly\/\">\n\t\t\t\t\t\tNgu\u1ed3n g\u1ed1c v\u1ecf s\u00f2, quy tr\u00ecnh x\u1eed l\u00fd an to\u00e0n &#038; ti\u00eau chu\u1ea9n b\u1ec1n v\u1eefng\t\t\t\t\t<\/a>\n\t\t\t\t<\/h2>\n\t\t\t\t\t\t\t\t\t\t\t\t\t\t\t\t\t\t\t\t\t\t\t\t\t\t\t\t\t\t\t\t                                                            <div class=\"btn-wraper\">\n                                    \n                                                                            <a class=\"elementskit-btn whitespace--normal\" id=\"\" href=\"https:\/\/oceanspromise.com.vn\/en\/nguon-goc-va-quy-trinh-xu-ly\/\">\n                                        \t                                            Learn more                                         <\/a>\n                                                                    <\/div>\n                                                    <\/div><!-- .elementskit-post-body END -->\n                    <\/div>\n                \n            <\/div>\n                    <div class=\"col-lg-4 col-md-6\">\n\n                                    <div class=\"elementskit-post-image-card\">\n                        <div class=\"elementskit-entry-header\">\n                                                            <a href=\"https:\/\/oceanspromise.com.vn\/en\/lorem-ipsum\/\" class=\"elementskit-entry-thumb\">\n                                    <img decoding=\"async\" src=\"https:\/\/oceanspromise.com.vn\/wp-content\/uploads\/2025\/10\/moc-khoa-1-300x300.jpg\" alt=\"Lorem ipsum\">\n                                <\/a><!-- .elementskit-entry-thumb END -->\n                                                                                                    <div class=\"elementskit-meta-lists\">\n                                        <div class=\"elementskit-single-meta\"><span class=\"elementskit-meta-wraper\"><strong>27<\/strong>Oct<\/span><\/div>\n                                    <\/div>\n                                                                                            \n                            \n\t\t\t\t\t\t\t\t\t\t\t\t\t<\/div><!-- .elementskit-entry-header END -->\n\n\t\t\t\t\t\t<div class=\"elementskit-post-body\">\n\t\t\t\t\t\t\t\n\t\t\t\t\t\t\t\t\t\t\t\t\t\t\t\t\t\t\t\t\t\t\t\t\t\t\t\t\t\t\n\t\t\t\t\t\t\t\t\n\t\t\t\t\t\t\t\t\t\t\t\t\t\t\t\t\t\t\t\t\t<h2 class=\"entry-title\">\n\t\t\t\t\t<a href=\"https:\/\/oceanspromise.com.vn\/en\/lorem-ipsum\/\">\n\t\t\t\t\t\tLorem ipsum\t\t\t\t\t<\/a>\n\t\t\t\t<\/h2>\n\t\t\t\t\t\t\t\t\t\t\t\t\t\t\t\t\t\t\t\t\t\t\t\t\t\t\t\t\t\t\t\t                                                            <div class=\"btn-wraper\">\n                                    \n                                                                            <a class=\"elementskit-btn whitespace--normal\" id=\"\" href=\"https:\/\/oceanspromise.com.vn\/en\/lorem-ipsum\/\">\n                                        \t                                            Learn more                                         <\/a>\n                                                                    <\/div>\n                                                    <\/div><!-- .elementskit-post-body END -->\n                    <\/div>\n                \n            <\/div>\n                <\/div>\n       <\/div>\t\t\t\t<\/div>\n\t\t\t\t\t<\/div>\n\t\t\t\t<\/div>\n\t\t\t\t<\/div>","protected":false},"excerpt":{"rendered":"<p>Uncategorized Fomo 27Oct Lorem ipsum Learn more 05Sep Hello world! Learn more<\/p>","protected":false},"author":1,"featured_media":0,"parent":0,"menu_order":0,"comment_status":"closed","ping_status":"closed","template":"","meta":{"footnotes":""},"class_list":["post-146","page","type-page","status-publish","hentry"],"yoast_head":"<!-- This site is optimized with the Yoast SEO plugin v27.4 - https:\/\/yoast.com\/product\/yoast-seo-wordpress\/ -->\n<title>Blogs - Ocean&#039;s Promise<\/title>\n<meta name=\"robots\" content=\"index, follow, max-snippet:-1, max-image-preview:large, max-video-preview:-1\" \/>\n<link rel=\"canonical\" href=\"https:\/\/oceanspromise.com.vn\/en\/blogs\/\" \/>\n<meta property=\"og:locale\" content=\"en_US\" \/>\n<meta property=\"og:type\" content=\"article\" \/>\n<meta property=\"og:title\" content=\"Blogs - Ocean&#039;s Promise\" \/>\n<meta property=\"og:description\" content=\"Uncategorized Fomo 27Oct Lorem ipsum Learn more 05Sep Hello world! Learn more\" \/>\n<meta property=\"og:url\" content=\"https:\/\/oceanspromise.com.vn\/en\/blogs\/\" \/>\n<meta property=\"og:site_name\" content=\"Ocean&#039;s Promise\" \/>\n<meta property=\"article:publisher\" content=\"https:\/\/www.facebook.com\/profile.php?id=61579613297716\" \/>\n<meta property=\"article:modified_time\" content=\"2025-10-27T15:03:05+00:00\" \/>\n<meta property=\"og:image\" content=\"https:\/\/oceanspromise.com.vn\/wp-content\/uploads\/2025\/10\/moc-khoa-1-300x300.jpg\" \/>\n<meta name=\"twitter:card\" content=\"summary_large_image\" \/>\n<script type=\"application\/ld+json\" class=\"yoast-schema-graph\">{\"@context\":\"https:\\\/\\\/schema.org\",\"@graph\":[{\"@type\":\"WebPage\",\"@id\":\"https:\\\/\\\/oceanspromise.com.vn\\\/blogs\\\/\",\"url\":\"https:\\\/\\\/oceanspromise.com.vn\\\/blogs\\\/\",\"name\":\"Blogs - Ocean&#039;s Promise\",\"isPartOf\":{\"@id\":\"https:\\\/\\\/oceanspromise.com.vn\\\/#website\"},\"primaryImageOfPage\":{\"@id\":\"https:\\\/\\\/oceanspromise.com.vn\\\/blogs\\\/#primaryimage\"},\"image\":{\"@id\":\"https:\\\/\\\/oceanspromise.com.vn\\\/blogs\\\/#primaryimage\"},\"thumbnailUrl\":\"https:\\\/\\\/oceanspromise.com.vn\\\/wp-content\\\/uploads\\\/2025\\\/10\\\/moc-khoa-1-300x300.jpg\",\"datePublished\":\"2025-10-27T14:38:47+00:00\",\"dateModified\":\"2025-10-27T15:03:05+00:00\",\"breadcrumb\":{\"@id\":\"https:\\\/\\\/oceanspromise.com.vn\\\/blogs\\\/#breadcrumb\"},\"inLanguage\":\"en-US\",\"potentialAction\":[{\"@type\":\"ReadAction\",\"target\":[\"https:\\\/\\\/oceanspromise.com.vn\\\/blogs\\\/\"]}]},{\"@type\":\"ImageObject\",\"inLanguage\":\"en-US\",\"@id\":\"https:\\\/\\\/oceanspromise.com.vn\\\/blogs\\\/#primaryimage\",\"url\":\"https:\\\/\\\/oceanspromise.com.vn\\\/wp-content\\\/uploads\\\/2025\\\/10\\\/moc-khoa-1-300x300.jpg\",\"contentUrl\":\"https:\\\/\\\/oceanspromise.com.vn\\\/wp-content\\\/uploads\\\/2025\\\/10\\\/moc-khoa-1-300x300.jpg\"},{\"@type\":\"BreadcrumbList\",\"@id\":\"https:\\\/\\\/oceanspromise.com.vn\\\/blogs\\\/#breadcrumb\",\"itemListElement\":[{\"@type\":\"ListItem\",\"position\":1,\"name\":\"Home\",\"item\":\"https:\\\/\\\/oceanspromise.com.vn\\\/\"},{\"@type\":\"ListItem\",\"position\":2,\"name\":\"Blogs\"}]},{\"@type\":\"WebSite\",\"@id\":\"https:\\\/\\\/oceanspromise.com.vn\\\/#website\",\"url\":\"https:\\\/\\\/oceanspromise.com.vn\\\/\",\"name\":\"Ocean's Promise\",\"description\":\"\",\"publisher\":{\"@id\":\"https:\\\/\\\/oceanspromise.com.vn\\\/#organization\"},\"potentialAction\":[{\"@type\":\"SearchAction\",\"target\":{\"@type\":\"EntryPoint\",\"urlTemplate\":\"https:\\\/\\\/oceanspromise.com.vn\\\/?s={search_term_string}\"},\"query-input\":{\"@type\":\"PropertyValueSpecification\",\"valueRequired\":true,\"valueName\":\"search_term_string\"}}],\"inLanguage\":\"en-US\"},{\"@type\":\"Organization\",\"@id\":\"https:\\\/\\\/oceanspromise.com.vn\\\/#organization\",\"name\":\"Ocean's Promise\",\"url\":\"https:\\\/\\\/oceanspromise.com.vn\\\/\",\"logo\":{\"@type\":\"ImageObject\",\"inLanguage\":\"en-US\",\"@id\":\"https:\\\/\\\/oceanspromise.com.vn\\\/#\\\/schema\\\/logo\\\/image\\\/\",\"url\":\"https:\\\/\\\/oceanspromise.com.vn\\\/wp-content\\\/uploads\\\/2025\\\/10\\\/cropped-logo.png\",\"contentUrl\":\"https:\\\/\\\/oceanspromise.com.vn\\\/wp-content\\\/uploads\\\/2025\\\/10\\\/cropped-logo.png\",\"width\":1080,\"height\":1080,\"caption\":\"Ocean's Promise\"},\"image\":{\"@id\":\"https:\\\/\\\/oceanspromise.com.vn\\\/#\\\/schema\\\/logo\\\/image\\\/\"},\"sameAs\":[\"https:\\\/\\\/www.facebook.com\\\/profile.php?id=61579613297716\"]}]}<\/script>\n<!-- \/ Yoast SEO plugin. -->","yoast_head_json":{"title":"Blogs - Ocean&#039;s Promise","robots":{"index":"index","follow":"follow","max-snippet":"max-snippet:-1","max-image-preview":"max-image-preview:large","max-video-preview":"max-video-preview:-1"},"canonical":"https:\/\/oceanspromise.com.vn\/en\/blogs\/","og_locale":"en_US","og_type":"article","og_title":"Blogs - Ocean&#039;s Promise","og_description":"Uncategorized Fomo 27Oct Lorem ipsum Learn more 05Sep Hello world! Learn more","og_url":"https:\/\/oceanspromise.com.vn\/en\/blogs\/","og_site_name":"Ocean&#039;s Promise","article_publisher":"https:\/\/www.facebook.com\/profile.php?id=61579613297716","article_modified_time":"2025-10-27T15:03:05+00:00","og_image":[{"url":"https:\/\/oceanspromise.com.vn\/wp-content\/uploads\/2025\/10\/moc-khoa-1-300x300.jpg","type":"","width":"","height":""}],"twitter_card":"summary_large_image","schema":{"@context":"https:\/\/schema.org","@graph":[{"@type":"WebPage","@id":"https:\/\/oceanspromise.com.vn\/blogs\/","url":"https:\/\/oceanspromise.com.vn\/blogs\/","name":"Blogs - Ocean&#039;s Promise","isPartOf":{"@id":"https:\/\/oceanspromise.com.vn\/#website"},"primaryImageOfPage":{"@id":"https:\/\/oceanspromise.com.vn\/blogs\/#primaryimage"},"image":{"@id":"https:\/\/oceanspromise.com.vn\/blogs\/#primaryimage"},"thumbnailUrl":"https:\/\/oceanspromise.com.vn\/wp-content\/uploads\/2025\/10\/moc-khoa-1-300x300.jpg","datePublished":"2025-10-27T14:38:47+00:00","dateModified":"2025-10-27T15:03:05+00:00","breadcrumb":{"@id":"https:\/\/oceanspromise.com.vn\/blogs\/#breadcrumb"},"inLanguage":"en-US","potentialAction":[{"@type":"ReadAction","target":["https:\/\/oceanspromise.com.vn\/blogs\/"]}]},{"@type":"ImageObject","inLanguage":"en-US","@id":"https:\/\/oceanspromise.com.vn\/blogs\/#primaryimage","url":"https:\/\/oceanspromise.com.vn\/wp-content\/uploads\/2025\/10\/moc-khoa-1-300x300.jpg","contentUrl":"https:\/\/oceanspromise.com.vn\/wp-content\/uploads\/2025\/10\/moc-khoa-1-300x300.jpg"},{"@type":"BreadcrumbList","@id":"https:\/\/oceanspromise.com.vn\/blogs\/#breadcrumb","itemListElement":[{"@type":"ListItem","position":1,"name":"Home","item":"https:\/\/oceanspromise.com.vn\/"},{"@type":"ListItem","position":2,"name":"Blogs"}]},{"@type":"WebSite","@id":"https:\/\/oceanspromise.com.vn\/#website","url":"https:\/\/oceanspromise.com.vn\/","name":"Ocean's Promise","description":"","publisher":{"@id":"https:\/\/oceanspromise.com.vn\/#organization"},"potentialAction":[{"@type":"SearchAction","target":{"@type":"EntryPoint","urlTemplate":"https:\/\/oceanspromise.com.vn\/?s={search_term_string}"},"query-input":{"@type":"PropertyValueSpecification","valueRequired":true,"valueName":"search_term_string"}}],"inLanguage":"en-US"},{"@type":"Organization","@id":"https:\/\/oceanspromise.com.vn\/#organization","name":"Ocean's Promise","url":"https:\/\/oceanspromise.com.vn\/","logo":{"@type":"ImageObject","inLanguage":"en-US","@id":"https:\/\/oceanspromise.com.vn\/#\/schema\/logo\/image\/","url":"https:\/\/oceanspromise.com.vn\/wp-content\/uploads\/2025\/10\/cropped-logo.png","contentUrl":"https:\/\/oceanspromise.com.vn\/wp-content\/uploads\/2025\/10\/cropped-logo.png","width":1080,"height":1080,"caption":"Ocean's Promise"},"image":{"@id":"https:\/\/oceanspromise.com.vn\/#\/schema\/logo\/image\/"},"sameAs":["https:\/\/www.facebook.com\/profile.php?id=61579613297716"]}]}},"_links":{"self":[{"href":"https:\/\/oceanspromise.com.vn\/en\/wp-json\/wp\/v2\/pages\/146","targetHints":{"allow":["GET"]}}],"collection":[{"href":"https:\/\/oceanspromise.com.vn\/en\/wp-json\/wp\/v2\/pages"}],"about":[{"href":"https:\/\/oceanspromise.com.vn\/en\/wp-json\/wp\/v2\/types\/page"}],"author":[{"embeddable":true,"href":"https:\/\/oceanspromise.com.vn\/en\/wp-json\/wp\/v2\/users\/1"}],"replies":[{"embeddable":true,"href":"https:\/\/oceanspromise.com.vn\/en\/wp-json\/wp\/v2\/comments?post=146"}],"version-history":[{"count":19,"href":"https:\/\/oceanspromise.com.vn\/en\/wp-json\/wp\/v2\/pages\/146\/revisions"}],"predecessor-version":[{"id":175,"href":"https:\/\/oceanspromise.com.vn\/en\/wp-json\/wp\/v2\/pages\/146\/revisions\/175"}],"wp:attachment":[{"href":"https:\/\/oceanspromise.com.vn\/en\/wp-json\/wp\/v2\/media?parent=146"}],"curies":[{"name":"wp","href":"https:\/\/api.w.org\/{rel}","templated":true}]}}