{"id":176,"date":"2025-11-23T14:19:11","date_gmt":"2025-11-23T14:19:11","guid":{"rendered":"https:\/\/oceanspromise.com.vn\/?page_id=176"},"modified":"2025-11-23T14:30:44","modified_gmt":"2025-11-23T14:30:44","slug":"chinh-sach-giao-hang","status":"publish","type":"page","link":"https:\/\/oceanspromise.com.vn\/en\/chinh-sach-giao-hang\/","title":{"rendered":"Ch\u00ednh s\u00e1ch giao h\u00e0ng \u2013 Ocean&#8217;s Promise"},"content":{"rendered":"<div data-elementor-type=\"wp-page\" data-elementor-id=\"176\" class=\"elementor elementor-176\" data-elementor-post-type=\"page\">\n\t\t\t\t<div class=\"elementor-element elementor-element-702c6f61 e-flex e-con-boxed e-con e-parent\" data-id=\"702c6f61\" data-element_type=\"container\" data-e-type=\"container\">\n\t\t\t\t\t<div class=\"e-con-inner\">\n\t\t\t\t<div class=\"elementor-element elementor-element-4231327e elementor-widget elementor-widget-text-editor\" data-id=\"4231327e\" data-element_type=\"widget\" data-e-type=\"widget\" data-widget_type=\"text-editor.default\">\n\t\t\t\t\t\t\t\t\t<h2>1. Khu V\u1ef1c Giao H\u00e0ng<\/h2>\n<p><!-- \/wp:heading --><!-- wp:paragraph --><\/p>\n<p>Ocean&#8217;s Promise h\u1ed7 tr\u1ee3 giao h\u00e0ng tr\u00ean to\u00e0n qu\u1ed1c, bao g\u1ed3m t\u1ea5t c\u1ea3 c\u00e1c t\u1ec9nh th\u00e0nh t\u1ea1i Vi\u1ec7t Nam.<\/p>\n<p><!-- \/wp:paragraph --><!-- wp:quote --><\/p>\n<blockquote>\n<p><!-- wp:paragraph --><\/p>\n<p><strong>L\u01b0u \u00fd:<\/strong> M\u1ed9t s\u1ed1 khu v\u1ef1c ngo\u1ea1i th\u00e0nh\/huy\u1ec7n \u0111\u1ea3o c\u00f3 th\u1ec3 m\u1ea5t th\u00eam th\u1eddi gian v\u1eadn chuy\u1ec3n ho\u1eb7c ph\u00e1t sinh ph\u00ed giao h\u00e0ng.<\/p>\n<p><!-- \/wp:paragraph --><\/p>\n<\/blockquote>\n<p><!-- \/wp:quote --><!-- wp:separator --><\/p>\n<hr \/>\n<p><!-- \/wp:separator --><!-- wp:heading --><\/p>\n<h2>2. \u0110\u01a1n V\u1ecb V\u1eadn Chuy\u1ec3n<\/h2>\n<p><!-- \/wp:heading --><!-- wp:paragraph --><\/p>\n<p>Ocean&#8217;s Promise h\u1ee3p t\u00e1c v\u1edbi c\u00e1c \u0111\u01a1n v\u1ecb v\u1eadn chuy\u1ec3n uy t\u00edn nh\u1eb1m \u0111\u1ea3m b\u1ea3o th\u1eddi gian giao h\u00e0ng nhanh ch\u00f3ng v\u00e0 an to\u00e0n:<\/p>\n<p><!-- \/wp:paragraph --><!-- wp:list --><\/p>\n<ul>\n<li style=\"list-style-type: none;\">\n<ul><!-- wp:list-item --><\/ul>\n<\/li>\n<\/ul>\n<ul>\n<li style=\"list-style-type: none;\">\n<ul>\n<li>\ud83d\ude9a Giao H\u00e0ng Nhanh (GHN)<\/li>\n<\/ul>\n<\/li>\n<\/ul>\n<p><!-- \/wp:list-item --><!-- wp:list-item --><\/p>\n<ul>\n<li style=\"list-style-type: none;\">\n<ul>\n<li>\ud83d\udce6 J&amp;T Express<\/li>\n<\/ul>\n<\/li>\n<\/ul>\n<p><!-- \/wp:list-item --><!-- wp:list-item --><\/p>\n<ul>\n<li style=\"list-style-type: none;\">\n<ul>\n<li>\ud83d\udef5 Grab<\/li>\n<\/ul>\n<\/li>\n<\/ul>\n<p><!-- \/wp:list-item --><!-- wp:list-item --><\/p>\n<ul>\n<li style=\"list-style-type: none;\">\n<ul>\n<li>\ud83d\ude9b Be<\/li>\n<\/ul>\n<\/li>\n<\/ul>\n<p><!-- \/wp:list-item --><\/p>\n<p><!-- \/wp:list --><!-- wp:paragraph --><\/p>\n<p>Ngo\u00e0i ra, ch\u00fang t\u00f4i c\u00f2n h\u1ed7 tr\u1ee3 <strong>nh\u00e0 b\u00e1n h\u00e0ng t\u1ef1 v\u1eadn chuy\u1ec3n<\/strong> \u0111\u1ec3 linh ho\u1ea1t h\u01a1n trong c\u00e1c \u0111\u01a1n h\u00e0ng \u0111\u1eb7c bi\u1ec7t.<\/p>\n<p><!-- \/wp:paragraph --><!-- wp:paragraph --><\/p>\n<p>\u26a1 H\u1ed7 tr\u1ee3 v\u1eadn chuy\u1ec3n h\u1ecfa t\u1ed1c trong khu v\u1ef1c n\u1ed9i th\u00e0nh TP.HCM.<\/p>\n<p><!-- \/wp:paragraph --><!-- wp:separator --><\/p>\n<hr \/>\n<p><!-- \/wp:separator --><!-- wp:heading --><\/p>\n<h2>3. Th\u1eddi Gian Giao H\u00e0ng<\/h2>\n<p><!-- \/wp:heading --><!-- wp:list --><\/p>\n<ul>\n<li style=\"list-style-type: none;\">\n<ul><!-- wp:list-item --><\/ul>\n<\/li>\n<\/ul>\n<ul>\n<li style=\"list-style-type: none;\">\n<ul>\n<li><strong>N\u1ed9i th\u00e0nh TP.HCM:<\/strong> 1 \u2013 2 ng\u00e0y l\u00e0m vi\u1ec7c<\/li>\n<\/ul>\n<\/li>\n<\/ul>\n<p><!-- \/wp:list-item --><!-- wp:list-item --><\/p>\n<ul>\n<li style=\"list-style-type: none;\">\n<ul>\n<li><strong>C\u00e1c t\u1ec9nh th\u00e0nh kh\u00e1c:<\/strong> 3 \u2013 7 ng\u00e0y l\u00e0m vi\u1ec7c (t\u00f9y thu\u1ed9c v\u1ecb tr\u00ed \u0111\u1ecba l\u00fd)<\/li>\n<\/ul>\n<\/li>\n<\/ul>\n<p><!-- \/wp:list-item --><!-- wp:list-item --><\/p>\n<ul>\n<li style=\"list-style-type: none;\">\n<ul>\n<li><strong>V\u1eadn chuy\u1ec3n h\u1ecfa t\u1ed1c (TP.HCM):<\/strong> 2 \u2013 4 gi\u1edd l\u00e0m vi\u1ec7c, \u00e1p d\u1ee5ng cho \u0111\u01a1n \u0111\u1eb7t trong gi\u1edd h\u00e0nh ch\u00ednh<\/li>\n<\/ul>\n<\/li>\n<\/ul>\n<p><!-- \/wp:list-item --><\/p>\n<p><!-- \/wp:list --><!-- wp:paragraph --><\/p>\n<p>\u23f1 Th\u1eddi gian giao h\u00e0ng \u0111\u01b0\u1ee3c t\u00ednh t\u1eeb khi \u0111\u01a1n h\u00e0ng \u0111\u01b0\u1ee3c x\u00e1c nh\u1eadn v\u00e0 x\u1eed l\u00fd, kh\u00f4ng bao g\u1ed3m <strong>ch\u1ee7 nh\u1eadt v\u00e0 ng\u00e0y l\u1ec5<\/strong>.<\/p>\n<p><!-- \/wp:paragraph --><!-- wp:separator --><\/p>\n<hr \/>\n<p><!-- \/wp:separator --><!-- wp:heading --><\/p>\n<h2>4. Ph\u00ed V\u1eadn Chuy\u1ec3n<\/h2>\n<p><!-- \/wp:heading --><!-- wp:list --><\/p>\n<ul>\n<li style=\"list-style-type: none;\">\n<ul><!-- wp:list-item --><\/ul>\n<\/li>\n<\/ul>\n<ul>\n<li style=\"list-style-type: none;\">\n<ul>\n<li><strong>TP.HCM:<\/strong> 25.000 VN\u0110 \/ \u0111\u01a1n h\u00e0ng<\/li>\n<\/ul>\n<\/li>\n<\/ul>\n<p><!-- \/wp:list-item --><!-- wp:list-item --><\/p>\n<ul>\n<li style=\"list-style-type: none;\">\n<ul>\n<li><strong>C\u00e1c t\u1ec9nh th\u00e0nh kh\u00e1c:<\/strong> 35.000 VN\u0110 \/ \u0111\u01a1n h\u00e0ng<\/li>\n<\/ul>\n<\/li>\n<\/ul>\n<p><!-- \/wp:list-item --><\/p>\n<p><!-- \/wp:list --><!-- wp:paragraph --><\/p>\n<p>Ph\u00ed v\u1eadn chuy\u1ec3n h\u1ecfa t\u1ed1c t\u1ea1i TP.HCM s\u1ebd \u0111\u01b0\u1ee3c th\u00f4ng b\u00e1o c\u1ee5 th\u1ec3 t\u00f9y theo kho\u1ea3ng c\u00e1ch v\u00e0 ph\u01b0\u01a1ng th\u1ee9c v\u1eadn chuy\u1ec3n.<\/p>\n<p><!-- \/wp:paragraph --><!-- wp:paragraph --><\/p>\n<p>\ud83c\udf81 Ch\u01b0\u01a1ng tr\u00ecnh <strong>Freeship<\/strong> s\u1ebd \u0111\u01b0\u1ee3c \u00e1p d\u1ee5ng khi c\u00f3 th\u00f4ng b\u00e1o ch\u00ednh th\u1ee9c t\u1eeb Ocean&#8217;s Promise.<\/p>\n<p><!-- \/wp:paragraph --><!-- wp:separator --><\/p>\n<hr \/>\n<p><!-- \/wp:separator --><!-- wp:heading --><\/p>\n<h2>5. Quy Tr\u00ecnh X\u1eed L\u00fd \u0110\u01a1n H\u00e0ng<\/h2>\n<p><!-- \/wp:heading --><!-- wp:list --><\/p>\n<ul>\n<li style=\"list-style-type: none;\">\n<ul><!-- wp:list-item --><\/ul>\n<\/li>\n<\/ul>\n<ul>\n<li style=\"list-style-type: none;\">\n<ul>\n<li>\u0110\u01a1n h\u00e0ng \u0111\u01b0\u1ee3c x\u1eed l\u00fd trong v\u00f2ng <strong>24 \u2013 48 gi\u1edd<\/strong> k\u1ec3 t\u1eeb khi kh\u00e1ch h\u00e0ng \u0111\u1eb7t h\u00e0ng th\u00e0nh c\u00f4ng.<\/li>\n<\/ul>\n<\/li>\n<\/ul>\n<p><!-- \/wp:list-item --><!-- wp:list-item --><\/p>\n<ul>\n<li style=\"list-style-type: none;\">\n<ul>\n<li>Sau khi x\u00e1c nh\u1eadn thanh to\u00e1n (\u00e1p d\u1ee5ng cho chuy\u1ec3n kho\u1ea3n \/ thanh to\u00e1n tr\u01b0\u1edbc), \u0111\u01a1n h\u00e0ng s\u1ebd \u0111\u01b0\u1ee3c \u0111\u00f3ng g\u00f3i v\u00e0 g\u1eedi \u0111i.<\/li>\n<\/ul>\n<\/li>\n<\/ul>\n<p><!-- \/wp:list-item --><!-- wp:list-item --><\/p>\n<ul>\n<li style=\"list-style-type: none;\">\n<ul>\n<li>Kh\u00e1ch h\u00e0ng s\u1ebd nh\u1eadn \u0111\u01b0\u1ee3c <strong>m\u00e3 v\u1eadn \u0111\u01a1n<\/strong> \u0111\u1ec3 theo d\u00f5i tr\u1ea1ng th\u00e1i \u0111\u01a1n h\u00e0ng qua Email \u0111\u00e3 cung c\u1ea5p.<\/li>\n<\/ul>\n<\/li>\n<\/ul>\n<p><!-- \/wp:list-item --><\/p>\n<p><!-- \/wp:list --><!-- wp:separator --><\/p>\n<hr \/>\n<p><!-- \/wp:separator --><!-- wp:heading --><\/p>\n<h2>6. Ki\u1ec3m Tra Khi Nh\u1eadn H\u00e0ng<\/h2>\n<p><!-- \/wp:heading --><!-- wp:paragraph --><\/p>\n<p>Khi nh\u1eadn h\u00e0ng, kh\u00e1ch h\u00e0ng vui l\u00f2ng ki\u1ec3m tra k\u1ef9 s\u1ea3n ph\u1ea9m so v\u1edbi \u0111\u01a1n h\u00e0ng \u0111\u00e3 \u0111\u1eb7t.<\/p>\n<p><!-- \/wp:paragraph --><!-- wp:paragraph --><\/p>\n<p>N\u1ebfu ph\u00e1t hi\u1ec7n s\u1ea3n ph\u1ea9m b\u1ecb:<\/p>\n<p><!-- \/wp:paragraph --><!-- wp:list --><\/p>\n<ul>\n<li style=\"list-style-type: none;\">\n<ul><!-- wp:list-item --><\/ul>\n<\/li>\n<\/ul>\n<ul>\n<li style=\"list-style-type: none;\">\n<ul>\n<li>\u274c L\u1ed7i<\/li>\n<\/ul>\n<\/li>\n<\/ul>\n<p><!-- \/wp:list-item --><!-- wp:list-item --><\/p>\n<ul>\n<li style=\"list-style-type: none;\">\n<ul>\n<li>\ud83d\udca5 V\u1ee1<\/li>\n<\/ul>\n<\/li>\n<\/ul>\n<p><!-- \/wp:list-item --><!-- wp:list-item --><\/p>\n<ul>\n<li style=\"list-style-type: none;\">\n<ul>\n<li>\u26a0\ufe0f M\u00f3p m\u00e9o do v\u1eadn chuy\u1ec3n ho\u1eb7c do nh\u00e0 s\u1ea3n xu\u1ea5t<\/li>\n<\/ul>\n<\/li>\n<\/ul>\n<p><!-- \/wp:list-item --><\/p>\n<p><!-- \/wp:list --><!-- wp:paragraph --><\/p>\n<p>Vui l\u00f2ng li\u00ean h\u1ec7 Ocean&#8217;s Promise trong v\u00f2ng <strong>24 gi\u1edd<\/strong> \u0111\u1ec3 \u0111\u01b0\u1ee3c h\u1ed7 tr\u1ee3 \u0111\u1ed5i\/tr\u1ea3.<\/p>\n<p><!-- \/wp:paragraph --><!-- wp:quote --><\/p>\n<blockquote>\n<p><!-- wp:paragraph --><\/p>\n<p><strong>L\u01b0u \u00fd:<\/strong> Ocean&#8217;s Promise kh\u00f4ng h\u1ed7 tr\u1ee3 \u0111\u1ed3ng ki\u1ec3m khi nh\u1eadn h\u00e0ng \u0111\u1ed1i v\u1edbi t\u1ea5t c\u1ea3 c\u00e1c ph\u01b0\u01a1ng th\u1ee9c v\u1eadn chuy\u1ec3n, <strong>ngo\u1ea1i tr\u1eeb<\/strong> ph\u01b0\u01a1ng th\u1ee9c nh\u00e0 b\u00e1n h\u00e0ng t\u1ef1 v\u1eadn chuy\u1ec3n.<\/p>\n<p><!-- \/wp:paragraph --><\/p>\n<\/blockquote>\n<p><!-- \/wp:quote --><!-- wp:separator --><\/p>\n<hr \/>\n<p><!-- \/wp:separator --><!-- wp:heading --><\/p>\n<h2>7. Tr\u01b0\u1eddng H\u1ee3p Ch\u1eadm Tr\u1ec5 Giao H\u00e0ng<\/h2>\n<p><!-- \/wp:heading --><!-- wp:paragraph --><\/p>\n<p>M\u1ed9t s\u1ed1 tr\u01b0\u1eddng h\u1ee3p c\u00f3 th\u1ec3 khi\u1ebfn \u0111\u01a1n h\u00e0ng b\u1ecb ch\u1eadm tr\u1ec5:<\/p>\n<p><!-- \/wp:paragraph --><!-- wp:list --><\/p>\n<ul>\n<li style=\"list-style-type: none;\">\n<ul><!-- wp:list-item --><\/ul>\n<\/li>\n<\/ul>\n<ul>\n<li style=\"list-style-type: none;\">\n<ul>\n<li>\ud83c\udf27 Th\u1eddi ti\u1ebft x\u1ea5u, thi\u00ean tai, d\u1ecbch b\u1ec7nh<\/li>\n<\/ul>\n<\/li>\n<\/ul>\n<p><!-- \/wp:list-item --><!-- wp:list-item --><\/p>\n<ul>\n<li style=\"list-style-type: none;\">\n<ul>\n<li>\ud83d\udcdd Th\u00f4ng tin giao h\u00e0ng do kh\u00e1ch h\u00e0ng cung c\u1ea5p kh\u00f4ng ch\u00ednh x\u00e1c<\/li>\n<\/ul>\n<\/li>\n<\/ul>\n<p><!-- \/wp:list-item --><!-- wp:list-item --><\/p>\n<ul>\n<li style=\"list-style-type: none;\">\n<ul>\n<li>\ud83d\udeab \u0110\u01a1n v\u1ecb v\u1eadn chuy\u1ec3n g\u1eb7p s\u1ef1 c\u1ed1<\/li>\n<\/ul>\n<\/li>\n<\/ul>\n<p><!-- \/wp:list-item --><\/p>\n<p><!-- \/wp:list --><!-- wp:paragraph --><\/p>\n<p>Ocean&#8217;s Promise mong qu\u00fd kh\u00e1ch th\u00f4ng c\u1ea3m trong c\u00e1c tr\u01b0\u1eddng h\u1ee3p b\u1ea5t kh\u1ea3 kh\u00e1ng n\u00e0y.<\/p>\n<p style=\"box-sizing: border-box; margin: 0px 0px 20px; line-height: 1.6; color: #7a7a7a; font-family: Roboto, sans-serif; font-size: 15px; font-style: normal; font-variant-ligatures: normal; font-variant-caps: normal; font-weight: 400; letter-spacing: normal; orphans: 2; text-align: start; text-indent: 0px; text-transform: none; widows: 2; word-spacing: 0px; -webkit-text-stroke-width: 0px; white-space: normal; background-color: #ffffff; text-decoration-thickness: initial; text-decoration-style: initial; text-decoration-color: initial;\">\u00a0<\/p>\n<h2 style=\"box-sizing: border-box; margin: 0px 0px 15px; font-family: Inter; font-weight: 600; line-height: 1.3; color: #030303; font-size: 24px; font-style: normal; text-transform: none; text-decoration: none; font-variant-ligatures: normal; font-variant-caps: normal; letter-spacing: normal; orphans: 2; text-align: start; text-indent: 0px; widows: 2; word-spacing: 0px; -webkit-text-stroke-width: 0px; white-space: normal; background-color: #ffffff;\">8. Li\u00ean H\u1ec7 H\u1ed7 Tr\u1ee3<\/h2>\n<div>\n<p><!-- \/wp:paragraph --><\/p>\n<p><!-- wp:paragraph --><\/p>\n<p>N\u1ebfu c\u00f3 b\u1ea5t k\u1ef3 th\u1eafc m\u1eafc n\u00e0o v\u1ec1 ch\u00ednh s\u00e1ch v\u1eadn chuy\u1ec3n, vui l\u00f2ng li\u00ean h\u1ec7:<\/p>\n<p>Email:\u00a0oceanspromise.custom@gmail.com<\/p>\n<p><span id=\"4oc37_8sh1f_6h00\" class=\"\" data-text=\"true\" data-z-element-type=\"rtf-text\" data-is-whitespace=\"false\">Fanpage: <\/span><span id=\"4oc37_8sh1f_8paf6\" class=\"text-is-link rtf-link-token\" data-z-element-type=\"rtf-text\" data-text=\"true\" data-is-whitespace=\"false\">https:\/\/www.facebook.com\/profile.php?id=61579613297716<\/span><\/p>\n<p><!-- \/wp:paragraph --><\/p>\n<\/div>\n<p><!-- \/wp:paragraph --><\/p>\t\t\t\t\t\t\t\t<\/div>\n\t\t\t\t\t<\/div>\n\t\t\t\t<\/div>\n\t\t\t\t<\/div>","protected":false},"excerpt":{"rendered":"<p>1. Khu V\u1ef1c Giao H\u00e0ng Ocean&#8217;s Promise h\u1ed7 tr\u1ee3 giao h\u00e0ng tr\u00ean to\u00e0n qu\u1ed1c, bao g\u1ed3m t\u1ea5t c\u1ea3 c\u00e1c t\u1ec9nh th\u00e0nh t\u1ea1i Vi\u1ec7t Nam. L\u01b0u \u00fd: M\u1ed9t s\u1ed1 khu v\u1ef1c ngo\u1ea1i th\u00e0nh\/huy\u1ec7n \u0111\u1ea3o c\u00f3 th\u1ec3 m\u1ea5t th\u00eam th\u1eddi gian v\u1eadn chuy\u1ec3n ho\u1eb7c ph\u00e1t sinh ph\u00ed giao h\u00e0ng. 2. \u0110\u01a1n V\u1ecb V\u1eadn Chuy\u1ec3n Ocean&#8217;s Promise h\u1ee3p t\u00e1c v\u1edbi c\u00e1c \u0111\u01a1n v\u1ecb [&hellip;]<\/p>","protected":false},"author":1,"featured_media":0,"parent":0,"menu_order":0,"comment_status":"closed","ping_status":"closed","template":"","meta":{"footnotes":""},"class_list":["post-176","page","type-page","status-publish","hentry"],"yoast_head":"<!-- This site is optimized with the Yoast SEO plugin v27.4 - https:\/\/yoast.com\/product\/yoast-seo-wordpress\/ -->\n<title>Ch\u00ednh s\u00e1ch giao h\u00e0ng \u2013 Ocean&#039;s Promise - Ocean&#039;s Promise<\/title>\n<meta name=\"robots\" content=\"index, follow, max-snippet:-1, max-image-preview:large, max-video-preview:-1\" \/>\n<link rel=\"canonical\" href=\"https:\/\/oceanspromise.com.vn\/en\/chinh-sach-giao-hang\/\" \/>\n<meta property=\"og:locale\" content=\"en_US\" \/>\n<meta property=\"og:type\" content=\"article\" \/>\n<meta property=\"og:title\" content=\"Ch\u00ednh s\u00e1ch giao h\u00e0ng \u2013 Ocean&#039;s Promise - Ocean&#039;s Promise\" \/>\n<meta property=\"og:description\" content=\"1. Khu V\u1ef1c Giao H\u00e0ng Ocean&#8217;s Promise h\u1ed7 tr\u1ee3 giao h\u00e0ng tr\u00ean to\u00e0n qu\u1ed1c, bao g\u1ed3m t\u1ea5t c\u1ea3 c\u00e1c t\u1ec9nh th\u00e0nh t\u1ea1i Vi\u1ec7t Nam. L\u01b0u \u00fd: M\u1ed9t s\u1ed1 khu v\u1ef1c ngo\u1ea1i th\u00e0nh\/huy\u1ec7n \u0111\u1ea3o c\u00f3 th\u1ec3 m\u1ea5t th\u00eam th\u1eddi gian v\u1eadn chuy\u1ec3n ho\u1eb7c ph\u00e1t sinh ph\u00ed giao h\u00e0ng. 2. \u0110\u01a1n V\u1ecb V\u1eadn Chuy\u1ec3n Ocean&#8217;s Promise h\u1ee3p t\u00e1c v\u1edbi c\u00e1c \u0111\u01a1n v\u1ecb [&hellip;]\" \/>\n<meta property=\"og:url\" content=\"https:\/\/oceanspromise.com.vn\/en\/chinh-sach-giao-hang\/\" \/>\n<meta property=\"og:site_name\" content=\"Ocean&#039;s Promise\" \/>\n<meta property=\"article:publisher\" content=\"https:\/\/www.facebook.com\/profile.php?id=61579613297716\" \/>\n<meta property=\"article:modified_time\" content=\"2025-11-23T14:30:44+00:00\" \/>\n<meta name=\"twitter:card\" content=\"summary_large_image\" \/>\n<meta name=\"twitter:label1\" content=\"Est. reading time\" \/>\n\t<meta name=\"twitter:data1\" content=\"4 minutes\" \/>\n<script type=\"application\/ld+json\" class=\"yoast-schema-graph\">{\"@context\":\"https:\\\/\\\/schema.org\",\"@graph\":[{\"@type\":\"WebPage\",\"@id\":\"https:\\\/\\\/oceanspromise.com.vn\\\/en\\\/chinh-sach-giao-hang\\\/\",\"url\":\"https:\\\/\\\/oceanspromise.com.vn\\\/en\\\/chinh-sach-giao-hang\\\/\",\"name\":\"Ch\u00ednh s\u00e1ch giao h\u00e0ng \u2013 Ocean's Promise - Ocean&#039;s Promise\",\"isPartOf\":{\"@id\":\"https:\\\/\\\/oceanspromise.com.vn\\\/#website\"},\"datePublished\":\"2025-11-23T14:19:11+00:00\",\"dateModified\":\"2025-11-23T14:30:44+00:00\",\"breadcrumb\":{\"@id\":\"https:\\\/\\\/oceanspromise.com.vn\\\/en\\\/chinh-sach-giao-hang\\\/#breadcrumb\"},\"inLanguage\":\"en-US\",\"potentialAction\":[{\"@type\":\"ReadAction\",\"target\":[\"https:\\\/\\\/oceanspromise.com.vn\\\/en\\\/chinh-sach-giao-hang\\\/\"]}]},{\"@type\":\"BreadcrumbList\",\"@id\":\"https:\\\/\\\/oceanspromise.com.vn\\\/en\\\/chinh-sach-giao-hang\\\/#breadcrumb\",\"itemListElement\":[{\"@type\":\"ListItem\",\"position\":1,\"name\":\"Home\",\"item\":\"https:\\\/\\\/oceanspromise.com.vn\\\/\"},{\"@type\":\"ListItem\",\"position\":2,\"name\":\"Ch\u00ednh s\u00e1ch giao h\u00e0ng \u2013 Ocean&#8217;s Promise\"}]},{\"@type\":\"WebSite\",\"@id\":\"https:\\\/\\\/oceanspromise.com.vn\\\/#website\",\"url\":\"https:\\\/\\\/oceanspromise.com.vn\\\/\",\"name\":\"Ocean's Promise\",\"description\":\"\",\"publisher\":{\"@id\":\"https:\\\/\\\/oceanspromise.com.vn\\\/#organization\"},\"potentialAction\":[{\"@type\":\"SearchAction\",\"target\":{\"@type\":\"EntryPoint\",\"urlTemplate\":\"https:\\\/\\\/oceanspromise.com.vn\\\/?s={search_term_string}\"},\"query-input\":{\"@type\":\"PropertyValueSpecification\",\"valueRequired\":true,\"valueName\":\"search_term_string\"}}],\"inLanguage\":\"en-US\"},{\"@type\":\"Organization\",\"@id\":\"https:\\\/\\\/oceanspromise.com.vn\\\/#organization\",\"name\":\"Ocean's Promise\",\"url\":\"https:\\\/\\\/oceanspromise.com.vn\\\/\",\"logo\":{\"@type\":\"ImageObject\",\"inLanguage\":\"en-US\",\"@id\":\"https:\\\/\\\/oceanspromise.com.vn\\\/#\\\/schema\\\/logo\\\/image\\\/\",\"url\":\"https:\\\/\\\/oceanspromise.com.vn\\\/wp-content\\\/uploads\\\/2025\\\/10\\\/cropped-logo.png\",\"contentUrl\":\"https:\\\/\\\/oceanspromise.com.vn\\\/wp-content\\\/uploads\\\/2025\\\/10\\\/cropped-logo.png\",\"width\":1080,\"height\":1080,\"caption\":\"Ocean's Promise\"},\"image\":{\"@id\":\"https:\\\/\\\/oceanspromise.com.vn\\\/#\\\/schema\\\/logo\\\/image\\\/\"},\"sameAs\":[\"https:\\\/\\\/www.facebook.com\\\/profile.php?id=61579613297716\"]}]}<\/script>\n<!-- \/ Yoast SEO plugin. -->","yoast_head_json":{"title":"Ch\u00ednh s\u00e1ch giao h\u00e0ng \u2013 Ocean's Promise - Ocean&#039;s Promise","robots":{"index":"index","follow":"follow","max-snippet":"max-snippet:-1","max-image-preview":"max-image-preview:large","max-video-preview":"max-video-preview:-1"},"canonical":"https:\/\/oceanspromise.com.vn\/en\/chinh-sach-giao-hang\/","og_locale":"en_US","og_type":"article","og_title":"Ch\u00ednh s\u00e1ch giao h\u00e0ng \u2013 Ocean's Promise - Ocean&#039;s Promise","og_description":"1. Khu V\u1ef1c Giao H\u00e0ng Ocean&#8217;s Promise h\u1ed7 tr\u1ee3 giao h\u00e0ng tr\u00ean to\u00e0n qu\u1ed1c, bao g\u1ed3m t\u1ea5t c\u1ea3 c\u00e1c t\u1ec9nh th\u00e0nh t\u1ea1i Vi\u1ec7t Nam. L\u01b0u \u00fd: M\u1ed9t s\u1ed1 khu v\u1ef1c ngo\u1ea1i th\u00e0nh\/huy\u1ec7n \u0111\u1ea3o c\u00f3 th\u1ec3 m\u1ea5t th\u00eam th\u1eddi gian v\u1eadn chuy\u1ec3n ho\u1eb7c ph\u00e1t sinh ph\u00ed giao h\u00e0ng. 2. \u0110\u01a1n V\u1ecb V\u1eadn Chuy\u1ec3n Ocean&#8217;s Promise h\u1ee3p t\u00e1c v\u1edbi c\u00e1c \u0111\u01a1n v\u1ecb [&hellip;]","og_url":"https:\/\/oceanspromise.com.vn\/en\/chinh-sach-giao-hang\/","og_site_name":"Ocean&#039;s Promise","article_publisher":"https:\/\/www.facebook.com\/profile.php?id=61579613297716","article_modified_time":"2025-11-23T14:30:44+00:00","twitter_card":"summary_large_image","twitter_misc":{"Est. reading time":"4 minutes"},"schema":{"@context":"https:\/\/schema.org","@graph":[{"@type":"WebPage","@id":"https:\/\/oceanspromise.com.vn\/en\/chinh-sach-giao-hang\/","url":"https:\/\/oceanspromise.com.vn\/en\/chinh-sach-giao-hang\/","name":"Ch\u00ednh s\u00e1ch giao h\u00e0ng \u2013 Ocean's Promise - Ocean&#039;s Promise","isPartOf":{"@id":"https:\/\/oceanspromise.com.vn\/#website"},"datePublished":"2025-11-23T14:19:11+00:00","dateModified":"2025-11-23T14:30:44+00:00","breadcrumb":{"@id":"https:\/\/oceanspromise.com.vn\/en\/chinh-sach-giao-hang\/#breadcrumb"},"inLanguage":"en-US","potentialAction":[{"@type":"ReadAction","target":["https:\/\/oceanspromise.com.vn\/en\/chinh-sach-giao-hang\/"]}]},{"@type":"BreadcrumbList","@id":"https:\/\/oceanspromise.com.vn\/en\/chinh-sach-giao-hang\/#breadcrumb","itemListElement":[{"@type":"ListItem","position":1,"name":"Home","item":"https:\/\/oceanspromise.com.vn\/"},{"@type":"ListItem","position":2,"name":"Ch\u00ednh s\u00e1ch giao h\u00e0ng \u2013 Ocean&#8217;s Promise"}]},{"@type":"WebSite","@id":"https:\/\/oceanspromise.com.vn\/#website","url":"https:\/\/oceanspromise.com.vn\/","name":"Ocean's Promise","description":"","publisher":{"@id":"https:\/\/oceanspromise.com.vn\/#organization"},"potentialAction":[{"@type":"SearchAction","target":{"@type":"EntryPoint","urlTemplate":"https:\/\/oceanspromise.com.vn\/?s={search_term_string}"},"query-input":{"@type":"PropertyValueSpecification","valueRequired":true,"valueName":"search_term_string"}}],"inLanguage":"en-US"},{"@type":"Organization","@id":"https:\/\/oceanspromise.com.vn\/#organization","name":"Ocean's Promise","url":"https:\/\/oceanspromise.com.vn\/","logo":{"@type":"ImageObject","inLanguage":"en-US","@id":"https:\/\/oceanspromise.com.vn\/#\/schema\/logo\/image\/","url":"https:\/\/oceanspromise.com.vn\/wp-content\/uploads\/2025\/10\/cropped-logo.png","contentUrl":"https:\/\/oceanspromise.com.vn\/wp-content\/uploads\/2025\/10\/cropped-logo.png","width":1080,"height":1080,"caption":"Ocean's Promise"},"image":{"@id":"https:\/\/oceanspromise.com.vn\/#\/schema\/logo\/image\/"},"sameAs":["https:\/\/www.facebook.com\/profile.php?id=61579613297716"]}]}},"_links":{"self":[{"href":"https:\/\/oceanspromise.com.vn\/en\/wp-json\/wp\/v2\/pages\/176","targetHints":{"allow":["GET"]}}],"collection":[{"href":"https:\/\/oceanspromise.com.vn\/en\/wp-json\/wp\/v2\/pages"}],"about":[{"href":"https:\/\/oceanspromise.com.vn\/en\/wp-json\/wp\/v2\/types\/page"}],"author":[{"embeddable":true,"href":"https:\/\/oceanspromise.com.vn\/en\/wp-json\/wp\/v2\/users\/1"}],"replies":[{"embeddable":true,"href":"https:\/\/oceanspromise.com.vn\/en\/wp-json\/wp\/v2\/comments?post=176"}],"version-history":[{"count":17,"href":"https:\/\/oceanspromise.com.vn\/en\/wp-json\/wp\/v2\/pages\/176\/revisions"}],"predecessor-version":[{"id":197,"href":"https:\/\/oceanspromise.com.vn\/en\/wp-json\/wp\/v2\/pages\/176\/revisions\/197"}],"wp:attachment":[{"href":"https:\/\/oceanspromise.com.vn\/en\/wp-json\/wp\/v2\/media?parent=176"}],"curies":[{"name":"wp","href":"https:\/\/api.w.org\/{rel}","templated":true}]}}